{"id":967,"date":"2022-02-16T20:47:57","date_gmt":"2022-02-16T19:47:57","guid":{"rendered":"https:\/\/merceyoga.wordpress.com\/?page_id=967"},"modified":"2024-02-02T18:04:22","modified_gmt":"2024-02-02T17:04:22","slug":"yoga-de-escritorio","status":"publish","type":"page","link":"https:\/\/merceyoga.com\/?page_id=967","title":{"rendered":"Clases de Yoga en V\u00eddeo"},"content":{"rendered":"\n<p>Para que puedas realizar en la comodidad de tu espacio, al tiempo que m\u00e1s se ajuste a tus necesidades y tener un acompa\u00f1amiento en tus clases. <\/p>\n\n\n\n<p>Te dejo aqu\u00ed el acceso a una clase de yoga restaurativa en v\u00eddeo <\/p>\n\n\n\n<figure class=\"wp-block-embed is-type-video is-provider-youtube wp-block-embed-youtube wp-embed-aspect-16-9 wp-has-aspect-ratio\"><div class=\"wp-block-embed__wrapper\">\n<iframe loading=\"lazy\" title=\"Clase Yoga Restaurativa\" width=\"500\" height=\"281\" src=\"https:\/\/www.youtube.com\/embed\/YuzlyLXucpY?feature=oembed\" frameborder=\"0\" allow=\"accelerometer; autoplay; clipboard-write; encrypted-media; gyroscope; picture-in-picture; web-share\" referrerpolicy=\"strict-origin-when-cross-origin\" allowfullscreen><\/iframe>\n<\/div><\/figure>\n\n\n\n<p><\/p>\n\n\n\n<p class=\"has-text-align-center has-custom-color-6-background-color has-background\"><strong>Si te interesa recibir en tu correo una clase en v\u00eddeo por semana, ponte en contacto! <\/strong> <\/p>\n\n\n\n<p>Tambi\u00e9n puedes optar por comprar las clases de Yoga en V\u00eddeo, que son cursos pregrabados que se env\u00edan por correo. <\/p>\n\n\n\n<p>Incluye: <br>&#8211; Acceso a curso en v\u00eddeo<br>&#8211; PDF con contenido <br>&#8211; Material adicional<br>&#8211; Espacio de consulta y seguimiento. <\/p>\n\n\n\n<p class=\"has-text-align-center\"><strong>Oferta de cursos de yoga en Video<\/strong><\/p>\n\n\n\n<div class=\"wp-block-columns is-layout-flex wp-container-core-columns-is-layout-28f84493 wp-block-columns-is-layout-flex\">\n<div class=\"wp-block-column is-vertically-aligned-center is-layout-flow wp-block-column-is-layout-flow\">\n<p class=\"has-text-align-center\"><strong><span style=\"text-decoration: underline;\"><a href=\"https:\/\/merceyoga.com\/?page_id=1272\" data-type=\"link\" data-id=\"https:\/\/merceyoga.com\/?page_id=1272\" target=\"_blank\" rel=\"noreferrer noopener\">Yoga de Escritorio<\/a><\/span><\/strong><\/p>\n<\/div>\n\n\n\n<div class=\"wp-block-column is-vertically-aligned-center is-layout-flow wp-block-column-is-layout-flow\">\n<p class=\"has-text-align-center\"><strong><span style=\"text-decoration: underline;\">Curso de Meditaci\u00f3n <\/span><\/strong><\/p>\n<\/div>\n\n\n\n<div class=\"wp-block-column is-vertically-aligned-center is-layout-flow wp-block-column-is-layout-flow\">\n<p class=\"has-text-align-center\"><strong><span style=\"text-decoration: underline;\">Yoga para los ojos<\/span><\/strong><\/p>\n<\/div>\n<\/div>\n\n\n\n<div class=\"wp-block-columns are-vertically-aligned-center is-layout-flex wp-container-core-columns-is-layout-28f84493 wp-block-columns-is-layout-flex\">\n<div class=\"wp-block-column is-vertically-aligned-center is-layout-flow wp-block-column-is-layout-flow\">\n<figure class=\"wp-block-image size-large is-resized wp-duotone-grayscale\"><a href=\"https:\/\/merceyoga.com\/?page_id=1272\" target=\"_blank\" rel=\"noreferrer noopener\"><img loading=\"lazy\" decoding=\"async\" width=\"1024\" height=\"768\" src=\"https:\/\/i0.wp.com\/merceyoga.com\/wp-content\/uploads\/2023\/02\/IMG_20221215_180700504_MP.jpg?resize=1024%2C768\" alt=\"\" class=\"wp-image-1165\" style=\"width:198px;height:149px\" srcset=\"https:\/\/i0.wp.com\/merceyoga.com\/wp-content\/uploads\/2023\/02\/IMG_20221215_180700504_MP-scaled.jpg?resize=1024%2C768&amp;ssl=1 1024w, https:\/\/i0.wp.com\/merceyoga.com\/wp-content\/uploads\/2023\/02\/IMG_20221215_180700504_MP-scaled.jpg?resize=300%2C225&amp;ssl=1 300w, https:\/\/i0.wp.com\/merceyoga.com\/wp-content\/uploads\/2023\/02\/IMG_20221215_180700504_MP-scaled.jpg?resize=768%2C576&amp;ssl=1 768w, https:\/\/i0.wp.com\/merceyoga.com\/wp-content\/uploads\/2023\/02\/IMG_20221215_180700504_MP-scaled.jpg?resize=1536%2C1152&amp;ssl=1 1536w, https:\/\/i0.wp.com\/merceyoga.com\/wp-content\/uploads\/2023\/02\/IMG_20221215_180700504_MP-scaled.jpg?resize=2048%2C1536&amp;ssl=1 2048w\" sizes=\"auto, (max-width: 1000px) 100vw, 1000px\" data-recalc-dims=\"1\" \/><\/a><\/figure>\n<\/div>\n\n\n\n<div class=\"wp-block-column is-vertically-aligned-center is-layout-flow wp-block-column-is-layout-flow\">\n<figure class=\"wp-block-image size-large\"><img loading=\"lazy\" decoding=\"async\" width=\"1080\" height=\"810\" src=\"https:\/\/i0.wp.com\/merceyoga.com\/wp-content\/uploads\/2023\/09\/meditacion-1-edited-1.jpg?resize=1080%2C810&#038;ssl=1\" alt=\"\" class=\"wp-image-1280\" srcset=\"https:\/\/i0.wp.com\/merceyoga.com\/wp-content\/uploads\/2023\/09\/meditacion-1-edited-1.jpg?w=1080&amp;ssl=1 1080w, https:\/\/i0.wp.com\/merceyoga.com\/wp-content\/uploads\/2023\/09\/meditacion-1-edited-1.jpg?resize=300%2C225&amp;ssl=1 300w, https:\/\/i0.wp.com\/merceyoga.com\/wp-content\/uploads\/2023\/09\/meditacion-1-edited-1.jpg?resize=1024%2C768&amp;ssl=1 1024w, https:\/\/i0.wp.com\/merceyoga.com\/wp-content\/uploads\/2023\/09\/meditacion-1-edited-1.jpg?resize=768%2C576&amp;ssl=1 768w\" sizes=\"auto, (max-width: 1000px) 100vw, 1000px\" data-recalc-dims=\"1\" \/><\/figure>\n<\/div>\n\n\n\n<div class=\"wp-block-column is-vertically-aligned-center is-layout-flow wp-block-column-is-layout-flow\">\n<figure class=\"wp-block-image size-large wp-duotone-grayscale\"><img loading=\"lazy\" decoding=\"async\" width=\"1080\" height=\"810\" src=\"https:\/\/i0.wp.com\/merceyoga.com\/wp-content\/uploads\/2023\/09\/yogapralosojos-edited-3.jpg?resize=1080%2C810&#038;ssl=1\" alt=\"\" class=\"wp-image-1281\" srcset=\"https:\/\/i0.wp.com\/merceyoga.com\/wp-content\/uploads\/2023\/09\/yogapralosojos-edited-3.jpg?w=1080&amp;ssl=1 1080w, https:\/\/i0.wp.com\/merceyoga.com\/wp-content\/uploads\/2023\/09\/yogapralosojos-edited-3.jpg?resize=300%2C225&amp;ssl=1 300w, https:\/\/i0.wp.com\/merceyoga.com\/wp-content\/uploads\/2023\/09\/yogapralosojos-edited-3.jpg?resize=1024%2C768&amp;ssl=1 1024w, https:\/\/i0.wp.com\/merceyoga.com\/wp-content\/uploads\/2023\/09\/yogapralosojos-edited-3.jpg?resize=768%2C576&amp;ssl=1 768w\" sizes=\"auto, (max-width: 1000px) 100vw, 1000px\" data-recalc-dims=\"1\" \/><\/figure>\n<\/div>\n<\/div>\n\n\n\n<p><\/p>\n\n\n\n<p class=\"has-text-align-center has-custom-color-6-background-color has-background\"><strong>Ponte en contacto para acceder a los cursos <\/strong><\/p>\n\n\n<div class=\"wp-block-jetpack-contact-form\"><a href=\"https:\/\/merceyoga.com\/?page_id=967\" target=\"_blank\" rel=\"noopener noreferrer\">Env\u00eda un formulario.<\/a><\/div>\n\n\n<div class=\"wp-block-group is-layout-flow wp-block-group-is-layout-flow\">\n<h3 class=\"wp-block-heading has-text-align-center\" id=\"disciplinas\">Disciplinas<\/h3>\n\n\n\n<div class=\"wp-block-group alignfull is-layout-flow wp-block-group-is-layout-flow\">\n<div class=\"wp-block-columns alignfull is-layout-flex wp-container-core-columns-is-layout-28f84493 wp-block-columns-is-layout-flex\">\n<div class=\"wp-block-column is-layout-flow wp-block-column-is-layout-flow\">\n<figure class=\"wp-block-image size-large\"><a href=\"http:\/\/merceyoga.com\/?page_id=169\"><img loading=\"lazy\" decoding=\"async\" width=\"1080\" height=\"1080\" src=\"https:\/\/i0.wp.com\/merceyoga.com\/wp-content\/uploads\/2021\/03\/meditacion.png?resize=1080%2C1080\" alt=\"Clases de Meditaci\u00f3n Online y Presenciales en Barcelona y Castelldefels.\" class=\"wp-image-468\" srcset=\"https:\/\/i0.wp.com\/merceyoga.com\/wp-content\/uploads\/2021\/03\/meditacion.png?w=1080&amp;ssl=1 1080w, https:\/\/i0.wp.com\/merceyoga.com\/wp-content\/uploads\/2021\/03\/meditacion.png?resize=300%2C300&amp;ssl=1 300w, https:\/\/i0.wp.com\/merceyoga.com\/wp-content\/uploads\/2021\/03\/meditacion.png?resize=1024%2C1024&amp;ssl=1 1024w, https:\/\/i0.wp.com\/merceyoga.com\/wp-content\/uploads\/2021\/03\/meditacion.png?resize=150%2C150&amp;ssl=1 150w, https:\/\/i0.wp.com\/merceyoga.com\/wp-content\/uploads\/2021\/03\/meditacion.png?resize=768%2C768&amp;ssl=1 768w\" sizes=\"auto, (max-width: 1000px) 100vw, 1000px\" data-recalc-dims=\"1\" \/><\/a><\/figure>\n<\/div>\n\n\n\n<div class=\"wp-block-column is-layout-flow wp-block-column-is-layout-flow\">\n<figure class=\"wp-block-image size-large\"><a href=\"http:\/\/merceyoga.com\/?page_id=170\"><img loading=\"lazy\" decoding=\"async\" width=\"1080\" height=\"1080\" src=\"https:\/\/i0.wp.com\/merceyoga.com\/wp-content\/uploads\/2021\/03\/1.png?resize=1080%2C1080\" alt=\"Clases de Hatha Yoga Vinyasa Krama Online y Presenciales en Barcelona y Castelldefels.\" class=\"wp-image-464\" srcset=\"https:\/\/i0.wp.com\/merceyoga.com\/wp-content\/uploads\/2021\/03\/1.png?w=1080&amp;ssl=1 1080w, https:\/\/i0.wp.com\/merceyoga.com\/wp-content\/uploads\/2021\/03\/1.png?resize=300%2C300&amp;ssl=1 300w, https:\/\/i0.wp.com\/merceyoga.com\/wp-content\/uploads\/2021\/03\/1.png?resize=1024%2C1024&amp;ssl=1 1024w, https:\/\/i0.wp.com\/merceyoga.com\/wp-content\/uploads\/2021\/03\/1.png?resize=150%2C150&amp;ssl=1 150w, https:\/\/i0.wp.com\/merceyoga.com\/wp-content\/uploads\/2021\/03\/1.png?resize=768%2C768&amp;ssl=1 768w\" sizes=\"auto, (max-width: 1000px) 100vw, 1000px\" data-recalc-dims=\"1\" \/><\/a><\/figure>\n<\/div>\n\n\n\n<div class=\"wp-block-column is-layout-flow wp-block-column-is-layout-flow\">\n<figure class=\"wp-block-image size-large\"><img loading=\"lazy\" decoding=\"async\" width=\"1024\" height=\"1024\" src=\"https:\/\/i0.wp.com\/merceyoga.com\/wp-content\/uploads\/2023\/09\/MEDITACION-1-1024x1024.png?resize=1024%2C1024&#038;ssl=1\" alt=\"Clases de Yoga Restaurativo Online y Presenciales en Barcelona y Castelldefels.\" class=\"wp-image-1286\" srcset=\"https:\/\/i0.wp.com\/merceyoga.com\/wp-content\/uploads\/2023\/09\/MEDITACION-1.png?resize=1024%2C1024&amp;ssl=1 1024w, https:\/\/i0.wp.com\/merceyoga.com\/wp-content\/uploads\/2023\/09\/MEDITACION-1.png?resize=300%2C300&amp;ssl=1 300w, https:\/\/i0.wp.com\/merceyoga.com\/wp-content\/uploads\/2023\/09\/MEDITACION-1.png?resize=150%2C150&amp;ssl=1 150w, https:\/\/i0.wp.com\/merceyoga.com\/wp-content\/uploads\/2023\/09\/MEDITACION-1.png?resize=768%2C768&amp;ssl=1 768w, https:\/\/i0.wp.com\/merceyoga.com\/wp-content\/uploads\/2023\/09\/MEDITACION-1.png?w=1080&amp;ssl=1 1080w\" sizes=\"auto, (max-width: 1000px) 100vw, 1000px\" data-recalc-dims=\"1\" \/><\/figure>\n<\/div>\n\n\n\n<div class=\"wp-block-column is-layout-flow wp-block-column-is-layout-flow\">\n<figure class=\"wp-block-image size-large\"><a href=\"http:\/\/merceyoga.com\/?page_id=171\"><img loading=\"lazy\" decoding=\"async\" width=\"1080\" height=\"1080\" src=\"https:\/\/i0.wp.com\/merceyoga.com\/wp-content\/uploads\/2021\/03\/3.png?resize=1080%2C1080\" alt=\"Clases de Yoga Nidra Online y Presenciales en Barcelona y Castelldefels.\" class=\"wp-image-466\" srcset=\"https:\/\/i0.wp.com\/merceyoga.com\/wp-content\/uploads\/2021\/03\/3.png?w=1080&amp;ssl=1 1080w, https:\/\/i0.wp.com\/merceyoga.com\/wp-content\/uploads\/2021\/03\/3.png?resize=300%2C300&amp;ssl=1 300w, https:\/\/i0.wp.com\/merceyoga.com\/wp-content\/uploads\/2021\/03\/3.png?resize=1024%2C1024&amp;ssl=1 1024w, https:\/\/i0.wp.com\/merceyoga.com\/wp-content\/uploads\/2021\/03\/3.png?resize=150%2C150&amp;ssl=1 150w, https:\/\/i0.wp.com\/merceyoga.com\/wp-content\/uploads\/2021\/03\/3.png?resize=768%2C768&amp;ssl=1 768w\" sizes=\"auto, (max-width: 1000px) 100vw, 1000px\" data-recalc-dims=\"1\" \/><\/a><\/figure>\n\n\n\n<p><\/p>\n<\/div>\n<\/div>\n<\/div>\n<\/div>\n","protected":false},"excerpt":{"rendered":"<p>Para que puedas realizar en la comodidad de tu espacio, al tiempo que m\u00e1s se ajuste a tus necesidades y tener un acompa\u00f1amiento en tus clases. Te dejo aqu\u00ed el acceso a una clase de yoga restaurativa en v\u00eddeo Si te interesa recibir en tu correo una clase en v\u00eddeo por semana, ponte en contacto! [&hellip;]<\/p>\n","protected":false},"author":2,"featured_media":0,"parent":0,"menu_order":0,"comment_status":"closed","ping_status":"closed","template":"","meta":{"footnotes":""},"class_list":["post-967","page","type-page","status-publish","hentry"],"jetpack-related-posts":[{"id":705,"url":"https:\/\/merceyoga.com\/?page_id=705","url_meta":{"origin":967,"position":0},"title":"Cursos &amp; Video-clases","date":"junio 9, 2021","format":false,"excerpt":"Estos cursos y clases est\u00e1n previamente grabados y se pueden adquirir a trav\u00e9s de la compra online. - Construye tu pr\u00e1ctica - Curso para Principiantes Un curso en donde iremos paso a paso sentando las bases para que luego puedas llevar lo aprendido a tu propia vida y a toda\u2026","rel":"","context":"Entrada similar","img":{"alt_text":"","src":"https:\/\/i0.wp.com\/merceyoga.com\/wp-content\/uploads\/2021\/06\/yogaprincipiantes.jpg?resize=350%2C200&ssl=1","width":350,"height":200},"classes":[]},{"id":1292,"url":"https:\/\/merceyoga.com\/?page_id=1292","url_meta":{"origin":967,"position":1},"title":"Yoga Restaurativo","date":"septiembre 26, 2023","format":false,"excerpt":"El Yoga restaurativo es un estilo que procura la salud de la columna vertebral en una pr\u00e1ctica sumamente relajante y terap\u00e9utica. Se utilizan diferentes elementos como sost\u00e9n para permanecer en el asana sin sobre-esfuerzos y ayudar al cuerpo a encontrar la posibilidad de relajarse para recibir los grandes beneficios que\u2026","rel":"","context":"Entrada similar","img":{"alt_text":"","src":"https:\/\/i0.wp.com\/merceyoga.com\/wp-content\/uploads\/2023\/09\/Screenshot_20201114-140745-1.jpg?resize=350%2C200&ssl=1","width":350,"height":200},"classes":[]},{"id":132,"url":"https:\/\/merceyoga.com\/?page_id=132","url_meta":{"origin":967,"position":2},"title":"Clases de Yoga Presenciales","date":"marzo 2, 2021","format":false,"excerpt":"Traer yoga a nuestra vida cotidiana nos permite reconocerque no hay divisi\u00f3n entre una cosa y otra. Clases de yoga en Castelldefels. Ponte en contacto para reservar tu plaza en las clases de yoga en Castelldefels. Chat en WhatsApp > Clases de Yoga Privadas En un encuentro personal entre tu\u2026","rel":"","context":"Entrada similar","img":{"alt_text":"","src":"https:\/\/i0.wp.com\/merceyoga.com\/wp-content\/uploads\/2024\/02\/Yoga-en-ARAYA.png?resize=350%2C200&ssl=1","width":350,"height":200},"classes":[]},{"id":1047,"url":"https:\/\/merceyoga.com\/?page_id=1047","url_meta":{"origin":967,"position":3},"title":"Yoga con Merc\u00e9","date":"febrero 17, 2021","format":false,"excerpt":"Yoga & Budismo herramientas de auto-conocimiento. Propuestas de calma, bienestar, contento y amor. Merc\u00e9 & Yoga Brindo espacios de pr\u00e1ctica, estudio, auto exploraci\u00f3n y conocimiento desde la \u00a0perspectiva del yoga y budismo. Las clases son espacios de aprendizaje respetuoso, gentil y suave para integrar la pr\u00e1ctica a la vida diaria\u2026","rel":"","context":"Entrada similar","img":{"alt_text":"","src":"https:\/\/i0.wp.com\/merceyoga.com\/wp-content\/uploads\/2021\/03\/meditacion.png?resize=350%2C200&ssl=1","width":350,"height":200},"classes":[]},{"id":505,"url":"https:\/\/merceyoga.com\/?page_id=505","url_meta":{"origin":967,"position":4},"title":"Clases de Yoga Online","date":"marzo 15, 2021","format":false,"excerpt":"Ten lo mejor de los dos mundos; practica yoga desde tu espacio en disfrute de la compa\u00f1\u00eda. Clases Online Privadas e Individuales En un encuentro entre tu y yo, te brindo clases dise\u00f1adas exclusivamente para t\u00ed. Practicamos tu ritmo y tiempo, con los elementos que tenemos disponibles para hacer de\u2026","rel":"","context":"Entrada similar","img":{"alt_text":"","src":"https:\/\/i0.wp.com\/merceyoga.com\/wp-content\/uploads\/2021\/03\/img_20200502_163710-scaled.jpg?resize=350%2C200&ssl=1","width":350,"height":200},"classes":[]},{"id":170,"url":"https:\/\/merceyoga.com\/?page_id=170","url_meta":{"origin":967,"position":5},"title":"Hatha Vinyasa Krama","date":"marzo 3, 2021","format":false,"excerpt":"\"HVK nos pide acercarnos al yoga con un m\u00e9todo sistem\u00e1tico, integrando la respiraci\u00f3n, la mente y el cuerpo mientras nos movemos secuencialmente hacia una pr\u00e1ctica mas profunda\" Manual de formaci\u00f3n - Leo Cuda. En las clases de Hatha Vinyasa Krama movemos el cuerpo a trav\u00e9s de la practica de posturas\u2026","rel":"","context":"Entrada similar","img":{"alt_text":"","src":"https:\/\/i0.wp.com\/merceyoga.com\/wp-content\/uploads\/2021\/03\/em101979-scaled.jpg?resize=350%2C200&ssl=1","width":350,"height":200},"classes":[]}],"_links":{"self":[{"href":"https:\/\/merceyoga.com\/index.php?rest_route=\/wp\/v2\/pages\/967","targetHints":{"allow":["GET"]}}],"collection":[{"href":"https:\/\/merceyoga.com\/index.php?rest_route=\/wp\/v2\/pages"}],"about":[{"href":"https:\/\/merceyoga.com\/index.php?rest_route=\/wp\/v2\/types\/page"}],"author":[{"embeddable":true,"href":"https:\/\/merceyoga.com\/index.php?rest_route=\/wp\/v2\/users\/2"}],"replies":[{"embeddable":true,"href":"https:\/\/merceyoga.com\/index.php?rest_route=%2Fwp%2Fv2%2Fcomments&post=967"}],"version-history":[{"count":9,"href":"https:\/\/merceyoga.com\/index.php?rest_route=\/wp\/v2\/pages\/967\/revisions"}],"predecessor-version":[{"id":1502,"href":"https:\/\/merceyoga.com\/index.php?rest_route=\/wp\/v2\/pages\/967\/revisions\/1502"}],"wp:attachment":[{"href":"https:\/\/merceyoga.com\/index.php?rest_route=%2Fwp%2Fv2%2Fmedia&parent=967"}],"curies":[{"name":"wp","href":"https:\/\/api.w.org\/{rel}","templated":true}]}}