{"id":8,"date":"2021-02-17T12:41:27","date_gmt":"2021-02-17T12:41:27","guid":{"rendered":"https:\/\/merceyoga.wordpress.com\/?page_id=8"},"modified":"2023-02-23T20:29:32","modified_gmt":"2023-02-23T19:29:32","slug":"contact","status":"publish","type":"page","link":"https:\/\/merceyoga.com\/?page_id=8","title":{"rendered":"Contacto"},"content":{"rendered":"\n<p class=\"has-text-align-center has-small-font-size\">Hola! Escr\u00edbeme por aqu\u00ed y me pondr\u00e9 en contacto lo antes posible! <br><br><strong>**   Si prefieres que te escriba por telegram\/whastapp o tel\u00e9fono <span style=\"text-decoration:underline;\">deja tu contacto en el formulario<\/span>!   **<\/strong> <\/p>\n\n\n\n<p class=\"has-text-align-center\">Hablemos \ud83d\udc4b<\/p>\n\n\n<div class=\"wp-block-jetpack-contact-form\"><a href=\"https:\/\/merceyoga.com\/?page_id=8\" target=\"_blank\" rel=\"noopener noreferrer\">Env\u00eda un formulario.<\/a><\/div>\n\n\n<div class=\"wp-block-group alignfull has-tertiary-background-color has-background is-layout-flow wp-block-group-is-layout-flow\">\n<div class=\"wp-block-jetpack-layout-grid alignfull column1-desktop-grid__span-6 column1-desktop-grid__row-1 column2-desktop-grid__span-6 column2-desktop-grid__start-7 column2-desktop-grid__row-1 column1-tablet-grid__span-4 column1-tablet-grid__row-1 column2-tablet-grid__span-4 column2-tablet-grid__start-5 column2-tablet-grid__row-1 column1-mobile-grid__span-4 column1-mobile-grid__row-1 column2-mobile-grid__span-4 column2-mobile-grid__row-2 wp-block-jetpack-layout-gutter__nowrap are-vertically-aligned-center wp-block-jetpack-layout-gutter__none\">\n<div class=\"wp-block-jetpack-layout-grid-column wp-block-jetpack-layout-grid__padding-none is-vertically-aligned-center\">\n<p class=\"has-text-align-left has-contrast-color has-tertiary-background-color has-text-color has-background has-small-font-size\">\u00bfQuieres disfrutar de sesiones gratuitas con env\u00edos mensuales?<br><br><strong><a href=\"https:\/\/t.me\/joinchat\/tD-1PifFzrlkNDFk\">S\u00fascribete a mi canal de T\u00e9legram  \u2b95<\/a><\/strong><\/p>\n<\/div>\n\n\n\n<div class=\"wp-block-jetpack-layout-grid-column wp-block-jetpack-layout-grid__padding-none has-background has-tertiary-background-color is-vertically-aligned-center\">\n<figure class=\"wp-block-image aligncenter size-large is-resized is-style-rounded\"><a href=\"https:\/\/t.me\/joinchat\/tD-1PifFzrlkNDFk\"><img loading=\"lazy\" decoding=\"async\" src=\"https:\/\/i0.wp.com\/merceyoga.com\/wp-content\/uploads\/2021\/03\/kisspng-telegram-encapsulated-postscript-transfer-5b17060586a686.1271014115282355255515.png?resize=179%2C179\" alt=\"\" class=\"wp-image-288\" width=\"179\" height=\"179\" srcset=\"https:\/\/i0.wp.com\/merceyoga.com\/wp-content\/uploads\/2021\/03\/kisspng-telegram-encapsulated-postscript-transfer-5b17060586a686.1271014115282355255515.png?w=512&amp;ssl=1 512w, https:\/\/i0.wp.com\/merceyoga.com\/wp-content\/uploads\/2021\/03\/kisspng-telegram-encapsulated-postscript-transfer-5b17060586a686.1271014115282355255515.png?resize=300%2C300&amp;ssl=1 300w, https:\/\/i0.wp.com\/merceyoga.com\/wp-content\/uploads\/2021\/03\/kisspng-telegram-encapsulated-postscript-transfer-5b17060586a686.1271014115282355255515.png?resize=150%2C150&amp;ssl=1 150w\" sizes=\"auto, (max-width: 179px) 100vw, 179px\" data-recalc-dims=\"1\" \/><\/a><\/figure>\n<\/div>\n<\/div>\n<\/div>\n","protected":false},"excerpt":{"rendered":"<p>Hola! Escr\u00edbeme por aqu\u00ed y me pondr\u00e9 en contacto lo antes posible! ** Si prefieres que te escriba por telegram\/whastapp o tel\u00e9fono deja tu contacto en el formulario! ** Hablemos \ud83d\udc4b<\/p>\n","protected":false},"author":2,"featured_media":0,"parent":0,"menu_order":0,"comment_status":"closed","ping_status":"closed","template":"","meta":{"footnotes":""},"class_list":["post-8","page","type-page","status-publish","hentry"],"jetpack-related-posts":[{"id":967,"url":"https:\/\/merceyoga.com\/?page_id=967","url_meta":{"origin":8,"position":0},"title":"Clases de Yoga en V\u00eddeo","date":"febrero 16, 2022","format":false,"excerpt":"Para que puedas realizar en la comodidad de tu espacio, al tiempo que m\u00e1s se ajuste a tus necesidades y tener un acompa\u00f1amiento en tus clases. Te dejo aqu\u00ed el acceso a una clase de yoga restaurativa en v\u00eddeo https:\/\/www.youtube.com\/watch?v=YuzlyLXucpY Si te interesa recibir en tu correo una clase en\u2026","rel":"","context":"Entrada similar","img":{"alt_text":"","src":"https:\/\/i0.wp.com\/merceyoga.com\/wp-content\/uploads\/2023\/02\/IMG_20221215_180700504_MP-scaled.jpg?resize=350%2C200&ssl=1","width":350,"height":200},"classes":[]},{"id":505,"url":"https:\/\/merceyoga.com\/?page_id=505","url_meta":{"origin":8,"position":1},"title":"Clases de Yoga Online","date":"marzo 15, 2021","format":false,"excerpt":"Ten lo mejor de los dos mundos; practica yoga desde tu espacio en disfrute de la compa\u00f1\u00eda. Clases Online Privadas e Individuales En un encuentro entre tu y yo, te brindo clases dise\u00f1adas exclusivamente para t\u00ed. Practicamos tu ritmo y tiempo, con los elementos que tenemos disponibles para hacer de\u2026","rel":"","context":"Entrada similar","img":{"alt_text":"","src":"https:\/\/i0.wp.com\/merceyoga.com\/wp-content\/uploads\/2021\/03\/img_20200502_163710-scaled.jpg?resize=350%2C200&ssl=1","width":350,"height":200},"classes":[]},{"id":132,"url":"https:\/\/merceyoga.com\/?page_id=132","url_meta":{"origin":8,"position":2},"title":"Clases de Yoga Presenciales","date":"marzo 2, 2021","format":false,"excerpt":"Traer yoga a nuestra vida cotidiana nos permite reconocerque no hay divisi\u00f3n entre una cosa y otra. Clases de yoga en Castelldefels. Ponte en contacto para reservar tu plaza en las clases de yoga en Castelldefels. Chat en WhatsApp > Clases de Yoga Privadas En un encuentro personal entre tu\u2026","rel":"","context":"Entrada similar","img":{"alt_text":"","src":"https:\/\/i0.wp.com\/merceyoga.com\/wp-content\/uploads\/2024\/02\/Yoga-en-ARAYA.png?resize=350%2C200&ssl=1","width":350,"height":200},"classes":[]},{"id":1292,"url":"https:\/\/merceyoga.com\/?page_id=1292","url_meta":{"origin":8,"position":3},"title":"Yoga Restaurativo","date":"septiembre 26, 2023","format":false,"excerpt":"El Yoga restaurativo es un estilo que procura la salud de la columna vertebral en una pr\u00e1ctica sumamente relajante y terap\u00e9utica. Se utilizan diferentes elementos como sost\u00e9n para permanecer en el asana sin sobre-esfuerzos y ayudar al cuerpo a encontrar la posibilidad de relajarse para recibir los grandes beneficios que\u2026","rel":"","context":"Entrada similar","img":{"alt_text":"","src":"https:\/\/i0.wp.com\/merceyoga.com\/wp-content\/uploads\/2023\/09\/Screenshot_20201114-140745-1.jpg?resize=350%2C200&ssl=1","width":350,"height":200},"classes":[]}],"_links":{"self":[{"href":"https:\/\/merceyoga.com\/index.php?rest_route=\/wp\/v2\/pages\/8","targetHints":{"allow":["GET"]}}],"collection":[{"href":"https:\/\/merceyoga.com\/index.php?rest_route=\/wp\/v2\/pages"}],"about":[{"href":"https:\/\/merceyoga.com\/index.php?rest_route=\/wp\/v2\/types\/page"}],"author":[{"embeddable":true,"href":"https:\/\/merceyoga.com\/index.php?rest_route=\/wp\/v2\/users\/2"}],"replies":[{"embeddable":true,"href":"https:\/\/merceyoga.com\/index.php?rest_route=%2Fwp%2Fv2%2Fcomments&post=8"}],"version-history":[{"count":2,"href":"https:\/\/merceyoga.com\/index.php?rest_route=\/wp\/v2\/pages\/8\/revisions"}],"predecessor-version":[{"id":1179,"href":"https:\/\/merceyoga.com\/index.php?rest_route=\/wp\/v2\/pages\/8\/revisions\/1179"}],"wp:attachment":[{"href":"https:\/\/merceyoga.com\/index.php?rest_route=%2Fwp%2Fv2%2Fmedia&parent=8"}],"curies":[{"name":"wp","href":"https:\/\/api.w.org\/{rel}","templated":true}]}}